{"id":49940,"date":"2025-04-19T20:50:23","date_gmt":"2025-04-19T12:50:23","guid":{"rendered":"https:\/\/alotofspirits.com\/product\/hibiki-blenders-choice-2\/"},"modified":"2025-09-08T09:10:23","modified_gmt":"2025-09-08T01:10:23","slug":"hibiki-blenders-choice-2","status":"publish","type":"product","link":"https:\/\/alotofspirits.com\/en\/product\/hibiki-blenders-choice-2\/","title":{"rendered":"Hibiki Blender&#8217;s Choice"},"content":{"rendered":"<p>First released in Japan in 2018 at a time when Hibiki 17 Year Old was starting to be phased out, Hibiki Blender&#8217;s Choice has been crafted from malt and grain whiskies spanning a range of ages from Suntory&#8217;s Yamazaki, Hakushu and Chita distilleries. A more premium, and somewhat harder to find release than Hibiki&#8217;s standard flagship Japanese Harmony, Blender&#8217;s Choice also features whiskies matured in wine casks.<\/p>\n","protected":false},"excerpt":{"rendered":"<p>Nose:Cr\u00e8me br\u00fbl\u00e9e with red apple skin, sandalwood and rich dates developing.<br \/>Palate:Sultana, light gingerbread and chewy toffees, with hints of Black Forest g\u00e2teau and balsamic.<br \/>Finish:Savoury oak and subtle praline.<\/p>\n","protected":false},"featured_media":45050,"template":"","meta":{"_uag_custom_page_level_css":"","site-sidebar-layout":"default","site-content-layout":"","ast-site-content-layout":"default","site-content-style":"default","site-sidebar-style":"default","ast-global-header-display":"","ast-banner-title-visibility":"","ast-main-header-display":"","ast-hfb-above-header-display":"","ast-hfb-below-header-display":"","ast-hfb-mobile-header-display":"","site-post-title":"","ast-breadcrumbs-content":"","ast-featured-img":"","footer-sml-layout":"","ast-disable-related-posts":"","theme-transparent-header-meta":"","adv-header-id-meta":"","stick-header-meta":"","header-above-stick-meta":"","header-main-stick-meta":"","header-below-stick-meta":"","astra-migrate-meta-layouts":"default","ast-page-background-enabled":"default","ast-page-background-meta":{"desktop":{"background-color":"var(--ast-global-color-4)","background-image":"","background-repeat":"repeat","background-position":"center center","background-size":"auto","background-attachment":"scroll","background-type":"","background-media":"","overlay-type":"","overlay-color":"","overlay-opacity":"","overlay-gradient":""},"tablet":{"background-color":"","background-image":"","background-repeat":"repeat","background-position":"center center","background-size":"auto","background-attachment":"scroll","background-type":"","background-media":"","overlay-type":"","overlay-color":"","overlay-opacity":"","overlay-gradient":""},"mobile":{"background-color":"","background-image":"","background-repeat":"repeat","background-position":"center center","background-size":"auto","background-attachment":"scroll","background-type":"","background-media":"","overlay-type":"","overlay-color":"","overlay-opacity":"","overlay-gradient":""}},"ast-content-background-meta":{"desktop":{"background-color":"var(--ast-global-color-5)","background-image":"","background-repeat":"repeat","background-position":"center center","background-size":"auto","background-attachment":"scroll","background-type":"","background-media":"","overlay-type":"","overlay-color":"","overlay-opacity":"","overlay-gradient":""},"tablet":{"background-color":"var(--ast-global-color-5)","background-image":"","background-repeat":"repeat","background-position":"center center","background-size":"auto","background-attachment":"scroll","background-type":"","background-media":"","overlay-type":"","overlay-color":"","overlay-opacity":"","overlay-gradient":""},"mobile":{"background-color":"var(--ast-global-color-5)","background-image":"","background-repeat":"repeat","background-position":"center center","background-size":"auto","background-attachment":"scroll","background-type":"","background-media":"","overlay-type":"","overlay-color":"","overlay-opacity":"","overlay-gradient":""}}},"product_brand":[],"product_cat":[6654,6554],"product_tag":[],"class_list":{"0":"post-49940","1":"product","2":"type-product","3":"status-publish","4":"has-post-thumbnail","6":"product_cat-hibiki","7":"product_cat-whisky","8":"pa_-700ml-en","9":"pa_-no-age-statement","10":"pa_-japan","11":"pa_-blended-whisky","12":"pa_-43-0","13":"desktop-align-left","14":"tablet-align-left","15":"mobile-align-left","16":"ast-product-gallery-layout-horizontal-slider","17":"ast-product-gallery-with-no-image","18":"ast-product-tabs-layout-distributed","19":"ast-qv-on-image","21":"first","22":"instock","23":"sale","24":"purchasable","25":"product-type-simple"},"aioseo_notices":[],"uagb_featured_image_src":{"full":["https:\/\/alotofspirits.com\/wp-content\/uploads\/2025\/09\/9942-1.jpg",1000,1000,false],"thumbnail":["https:\/\/alotofspirits.com\/wp-content\/uploads\/2025\/09\/9942-1-150x150.jpg",150,150,true],"medium":["https:\/\/alotofspirits.com\/wp-content\/uploads\/2025\/09\/9942-1-300x300.jpg",300,300,true],"medium_large":["https:\/\/alotofspirits.com\/wp-content\/uploads\/2025\/09\/9942-1-768x768.jpg",768,768,true],"large":["https:\/\/alotofspirits.com\/wp-content\/uploads\/2025\/09\/9942-1.jpg",1000,1000,false],"1536x1536":["https:\/\/alotofspirits.com\/wp-content\/uploads\/2025\/09\/9942-1.jpg",1000,1000,false],"2048x2048":["https:\/\/alotofspirits.com\/wp-content\/uploads\/2025\/09\/9942-1.jpg",1000,1000,false],"woocommerce_thumbnail":["https:\/\/alotofspirits.com\/wp-content\/uploads\/2025\/09\/9942-1-300x300.jpg",300,300,true],"woocommerce_single":["https:\/\/alotofspirits.com\/wp-content\/uploads\/2025\/09\/9942-1-600x600.jpg",600,600,true],"woocommerce_gallery_thumbnail":["https:\/\/alotofspirits.com\/wp-content\/uploads\/2025\/09\/9942-1-100x100.jpg",100,100,true]},"uagb_author_info":{"display_name":"\u9ec3 \u923a\u4ec1","author_link":"https:\/\/alotofspirits.com\/en\/author\/"},"uagb_comment_info":0,"uagb_excerpt":"Nose:Cr\u00e8me br\u00fbl\u00e9e with red apple skin, sandalwood and rich dates developing.Palate:Sultana, light gingerbread and chewy toffees, with hints of Black Forest g\u00e2teau and balsamic.Finish:Savoury oak and subtle praline.","jetpack_sharing_enabled":true,"_links":{"self":[{"href":"https:\/\/alotofspirits.com\/en\/wp-json\/wp\/v2\/product\/49940","targetHints":{"allow":["GET"]}}],"collection":[{"href":"https:\/\/alotofspirits.com\/en\/wp-json\/wp\/v2\/product"}],"about":[{"href":"https:\/\/alotofspirits.com\/en\/wp-json\/wp\/v2\/types\/product"}],"wp:featuredmedia":[{"embeddable":true,"href":"https:\/\/alotofspirits.com\/en\/wp-json\/wp\/v2\/media\/45050"}],"wp:attachment":[{"href":"https:\/\/alotofspirits.com\/en\/wp-json\/wp\/v2\/media?parent=49940"}],"wp:term":[{"taxonomy":"product_brand","embeddable":true,"href":"https:\/\/alotofspirits.com\/en\/wp-json\/wp\/v2\/product_brand?post=49940"},{"taxonomy":"product_cat","embeddable":true,"href":"https:\/\/alotofspirits.com\/en\/wp-json\/wp\/v2\/product_cat?post=49940"},{"taxonomy":"product_tag","embeddable":true,"href":"https:\/\/alotofspirits.com\/en\/wp-json\/wp\/v2\/product_tag?post=49940"}],"curies":[{"name":"wp","href":"https:\/\/api.w.org\/{rel}","templated":true}]}}